{"id":2,"date":"2026-01-03T14:22:01","date_gmt":"2026-01-03T13:22:01","guid":{"rendered":"http:\/\/olchowa2026.pl\/?page_id=2"},"modified":"2026-01-19T20:01:02","modified_gmt":"2026-01-19T19:01:02","slug":"przykladowa-strona","status":"publish","type":"page","link":"https:\/\/olchowa2026.pl\/?page_id=2","title":{"rendered":"Przydatne telefony"},"content":{"rendered":"\n<p><strong>Kominiarze:<\/strong><\/p>\n\n\n\n<p>     Kominiarz Micha\u0142 Marsza\u0142ek: tel. (+48) <strong>501 201 074 <\/strong>(przegl\u0105d w pa\u017adzierniku 2025 200z\u0142)<\/p>\n\n\n\n<p class=\"has-text-align-left\">     Kominiarz \u0141ukasz Drewing: tel. (+48) <strong>502 840 673<\/strong><\/p>\n\n\n\n<p><strong>Serwisanci Pomp Ciep\u0142a:<\/strong><\/p>\n\n\n\n<p>     Serwis\/Przegl\u0105d pompy ciep\u0142a: tel. (+48) <strong>518 918 193 <\/strong>(przegl\u0105d w pa\u017adzierniku 2025)<\/p>\n\n\n\n<p>Groupe ATLANTIC POLSKA tel. (+48) <strong>22 811 82 60<\/strong><\/p>\n\n\n\n<p><strong>Wyw\u00f3z szamba:<\/strong><\/p>\n\n\n\n<p>ASENTRANS Jadwiga Szreder Banino tel. (+48) <strong>517 485 233<\/strong><\/p>\n\n\n\n<p>Je\u017cewski Stanis\u0142aw  tel. (+48) <strong>601 948 070<\/strong><\/p>\n\n\n\n<p>Us\u0142ugi Asenizacyjne SZLAS-TRANS Pawe\u0142 Szlas  tel. (+48) <strong>663 004 033<\/strong><\/p>\n\n\n\n<p>RICHERT S.C. tel. (+48) <strong>58 694 62 15<\/strong><\/p>\n\n\n\n<p>EHTRANS , asenizacja  tel. (+48) <strong>513 284 166<\/strong><\/p>\n\n\n\n<p>W. J. Plichta (Tran-Szam) tel. (+48) <strong>58 685 19 35<\/strong>     tel. (+48) <strong>506 066 528<\/strong><\/p>\n\n\n\n<p><strong>Elektrycy:<\/strong><\/p>\n\n\n\n<p>     Elektryk: DARGOZ Dariusz Go\u017adziak Serwis\/Przegl\u0105d 5 letni: tel. (+48) <strong>606 635 630<\/strong><\/p>\n\n\n\n<p><strong>Klimatyzacja:<\/strong><\/p>\n\n\n\n<p>     KLIMAPS Piotr Szczebiot: tel. (+48) <strong>608 030 316<\/strong><\/p>\n\n\n\n<p><strong>Od\u015bnie\u017canie:<\/strong><\/p>\n\n\n\n<p>     Nasz Mistrz od od\u015bnie\u017cania (150z\u0142) tel. (+48) <strong>695 531 829<\/strong><\/p>\n\n\n\n<p>     Awaryjnie : Renata Skierka tel. (+48)  <strong>508 070 114<\/strong><\/p>\n\n\n\n<p>     Jeszcze bardziej Awaryjnie: Od\u015bnie\u017canie (750z\u0142) tel. (+48) <strong>600 087 138<\/strong><\/p>\n\n\n\n<p><strong>Alarm\/Monitoring CCTV:<\/strong><\/p>\n\n\n\n<p>AlfaSystem Piotr Kruszczy\u0144ski <strong>tel. (+48) 601 249 295<\/strong><\/p>\n\n\n\n<p><\/p>\n","protected":false},"excerpt":{"rendered":"<p>Kominiarze: Kominiarz Micha\u0142 Marsza\u0142ek: tel. (+48) 501 201 074 (przegl\u0105d w pa\u017adzierniku 2025 200z\u0142) Kominiarz \u0141ukasz Drewing: tel. (+48) 502 840 673 Serwisanci Pomp Ciep\u0142a: Serwis\/Przegl\u0105d pompy ciep\u0142a: tel. (+48) 518 918 193 (przegl\u0105d w pa\u017adzierniku 2025) Groupe ATLANTIC POLSKA tel. (+48) 22 811 82 60 Wyw\u00f3z szamba: ASENTRANS Jadwiga Szreder Banino tel. (+48) 517 [&hellip;]<\/p>\n","protected":false},"author":1,"featured_media":0,"parent":0,"menu_order":1,"comment_status":"closed","ping_status":"open","template":"","meta":{"footnotes":""},"class_list":["post-2","page","type-page","status-publish","hentry"],"yoast_head":"<!-- This site is optimized with the Yoast SEO plugin v26.6 - https:\/\/yoast.com\/wordpress\/plugins\/seo\/ -->\n<title>Przydatne telefony -<\/title>\n<meta name=\"robots\" content=\"index, follow, max-snippet:-1, max-image-preview:large, max-video-preview:-1\" \/>\n<link rel=\"canonical\" href=\"https:\/\/olchowa2026.pl\/?page_id=2\" \/>\n<meta property=\"og:locale\" content=\"en_US\" \/>\n<meta property=\"og:type\" content=\"article\" \/>\n<meta property=\"og:title\" content=\"Przydatne telefony -\" \/>\n<meta property=\"og:description\" content=\"Kominiarze: Kominiarz Micha\u0142 Marsza\u0142ek: tel. (+48) 501 201 074 (przegl\u0105d w pa\u017adzierniku 2025 200z\u0142) Kominiarz \u0141ukasz Drewing: tel. (+48) 502 840 673 Serwisanci Pomp Ciep\u0142a: Serwis\/Przegl\u0105d pompy ciep\u0142a: tel. (+48) 518 918 193 (przegl\u0105d w pa\u017adzierniku 2025) Groupe ATLANTIC POLSKA tel. (+48) 22 811 82 60 Wyw\u00f3z szamba: ASENTRANS Jadwiga Szreder Banino tel. (+48) 517 [&hellip;]\" \/>\n<meta property=\"og:url\" content=\"https:\/\/olchowa2026.pl\/?page_id=2\" \/>\n<meta property=\"article:modified_time\" content=\"2026-01-19T19:01:02+00:00\" \/>\n<meta name=\"twitter:card\" content=\"summary_large_image\" \/>\n<meta name=\"twitter:label1\" content=\"Est. reading time\" \/>\n\t<meta name=\"twitter:data1\" content=\"1 minute\" \/>\n<script type=\"application\/ld+json\" class=\"yoast-schema-graph\">{\"@context\":\"https:\/\/schema.org\",\"@graph\":[{\"@type\":\"WebPage\",\"@id\":\"https:\/\/olchowa2026.pl\/?page_id=2\",\"url\":\"https:\/\/olchowa2026.pl\/?page_id=2\",\"name\":\"Przydatne telefony -\",\"isPartOf\":{\"@id\":\"https:\/\/olchowa2026.pl\/#website\"},\"datePublished\":\"2026-01-03T13:22:01+00:00\",\"dateModified\":\"2026-01-19T19:01:02+00:00\",\"breadcrumb\":{\"@id\":\"https:\/\/olchowa2026.pl\/?page_id=2#breadcrumb\"},\"inLanguage\":\"en-US\",\"potentialAction\":[{\"@type\":\"ReadAction\",\"target\":[\"https:\/\/olchowa2026.pl\/?page_id=2\"]}]},{\"@type\":\"BreadcrumbList\",\"@id\":\"https:\/\/olchowa2026.pl\/?page_id=2#breadcrumb\",\"itemListElement\":[{\"@type\":\"ListItem\",\"position\":1,\"name\":\"Home\",\"item\":\"https:\/\/olchowa2026.pl\/\"},{\"@type\":\"ListItem\",\"position\":2,\"name\":\"Przydatne telefony\"}]},{\"@type\":\"WebSite\",\"@id\":\"https:\/\/olchowa2026.pl\/#website\",\"url\":\"https:\/\/olchowa2026.pl\/\",\"name\":\"\",\"description\":\"Strona dla mieszka\u0144c\u00f3w ul. Olchowej w Le\u017anie www.Olchowa2026.pl   \",\"potentialAction\":[{\"@type\":\"SearchAction\",\"target\":{\"@type\":\"EntryPoint\",\"urlTemplate\":\"https:\/\/olchowa2026.pl\/?s={search_term_string}\"},\"query-input\":{\"@type\":\"PropertyValueSpecification\",\"valueRequired\":true,\"valueName\":\"search_term_string\"}}],\"inLanguage\":\"en-US\"}]}<\/script>\n<!-- \/ Yoast SEO plugin. -->","yoast_head_json":{"title":"Przydatne telefony -","robots":{"index":"index","follow":"follow","max-snippet":"max-snippet:-1","max-image-preview":"max-image-preview:large","max-video-preview":"max-video-preview:-1"},"canonical":"https:\/\/olchowa2026.pl\/?page_id=2","og_locale":"en_US","og_type":"article","og_title":"Przydatne telefony -","og_description":"Kominiarze: Kominiarz Micha\u0142 Marsza\u0142ek: tel. (+48) 501 201 074 (przegl\u0105d w pa\u017adzierniku 2025 200z\u0142) Kominiarz \u0141ukasz Drewing: tel. (+48) 502 840 673 Serwisanci Pomp Ciep\u0142a: Serwis\/Przegl\u0105d pompy ciep\u0142a: tel. (+48) 518 918 193 (przegl\u0105d w pa\u017adzierniku 2025) Groupe ATLANTIC POLSKA tel. (+48) 22 811 82 60 Wyw\u00f3z szamba: ASENTRANS Jadwiga Szreder Banino tel. (+48) 517 [&hellip;]","og_url":"https:\/\/olchowa2026.pl\/?page_id=2","article_modified_time":"2026-01-19T19:01:02+00:00","twitter_card":"summary_large_image","twitter_misc":{"Est. reading time":"1 minute"},"schema":{"@context":"https:\/\/schema.org","@graph":[{"@type":"WebPage","@id":"https:\/\/olchowa2026.pl\/?page_id=2","url":"https:\/\/olchowa2026.pl\/?page_id=2","name":"Przydatne telefony -","isPartOf":{"@id":"https:\/\/olchowa2026.pl\/#website"},"datePublished":"2026-01-03T13:22:01+00:00","dateModified":"2026-01-19T19:01:02+00:00","breadcrumb":{"@id":"https:\/\/olchowa2026.pl\/?page_id=2#breadcrumb"},"inLanguage":"en-US","potentialAction":[{"@type":"ReadAction","target":["https:\/\/olchowa2026.pl\/?page_id=2"]}]},{"@type":"BreadcrumbList","@id":"https:\/\/olchowa2026.pl\/?page_id=2#breadcrumb","itemListElement":[{"@type":"ListItem","position":1,"name":"Home","item":"https:\/\/olchowa2026.pl\/"},{"@type":"ListItem","position":2,"name":"Przydatne telefony"}]},{"@type":"WebSite","@id":"https:\/\/olchowa2026.pl\/#website","url":"https:\/\/olchowa2026.pl\/","name":"","description":"Strona dla mieszka\u0144c\u00f3w ul. Olchowej w Le\u017anie www.Olchowa2026.pl   ","potentialAction":[{"@type":"SearchAction","target":{"@type":"EntryPoint","urlTemplate":"https:\/\/olchowa2026.pl\/?s={search_term_string}"},"query-input":{"@type":"PropertyValueSpecification","valueRequired":true,"valueName":"search_term_string"}}],"inLanguage":"en-US"}]}},"_links":{"self":[{"href":"https:\/\/olchowa2026.pl\/index.php?rest_route=\/wp\/v2\/pages\/2","targetHints":{"allow":["GET"]}}],"collection":[{"href":"https:\/\/olchowa2026.pl\/index.php?rest_route=\/wp\/v2\/pages"}],"about":[{"href":"https:\/\/olchowa2026.pl\/index.php?rest_route=\/wp\/v2\/types\/page"}],"author":[{"embeddable":true,"href":"https:\/\/olchowa2026.pl\/index.php?rest_route=\/wp\/v2\/users\/1"}],"replies":[{"embeddable":true,"href":"https:\/\/olchowa2026.pl\/index.php?rest_route=%2Fwp%2Fv2%2Fcomments&post=2"}],"version-history":[{"count":8,"href":"https:\/\/olchowa2026.pl\/index.php?rest_route=\/wp\/v2\/pages\/2\/revisions"}],"predecessor-version":[{"id":91,"href":"https:\/\/olchowa2026.pl\/index.php?rest_route=\/wp\/v2\/pages\/2\/revisions\/91"}],"wp:attachment":[{"href":"https:\/\/olchowa2026.pl\/index.php?rest_route=%2Fwp%2Fv2%2Fmedia&parent=2"}],"curies":[{"name":"wp","href":"https:\/\/api.w.org\/{rel}","templated":true}]}}