{"id":55,"date":"2026-01-11T14:35:43","date_gmt":"2026-01-11T13:35:43","guid":{"rendered":"https:\/\/olchowa2026.pl\/?page_id=55"},"modified":"2026-01-11T14:36:29","modified_gmt":"2026-01-11T13:36:29","slug":"polityka-prywatnosci","status":"publish","type":"page","link":"https:\/\/olchowa2026.pl\/?page_id=55","title":{"rendered":"Polityka prywatno\u015bci"},"content":{"rendered":"\n<p><\/p>\n\n\n\n<ol start=\"1\" class=\"wp-block-list\">\n<li><strong>Informacje og\u00f3lne<\/strong><br>Niniejsza Polityka Prywatno\u015bci okre\u015bla zasady korzystania ze strony internetowej oraz wyja\u015bnia, w jaki spos\u00f3b przetwarzane s\u0105 dane u\u017cytkownik\u00f3w.<\/li>\n\n\n\n<li><strong>Administrator danych<\/strong><br>Administratorem strony jest:<br><strong>Wojciech Nowaczyk<\/strong><br>Kontakt: <img decoding=\"async\" width=\"150\" height=\"17\" class=\"wp-image-56\" style=\"width: 150px;\" src=\"http:\/\/olchowa2026.pl\/wp-content\/uploads\/2026\/01\/MAIL.jpg\" alt=\"\"><\/li>\n\n\n\n<li><strong>Zakres przetwarzanych danych<\/strong><br>Strona internetowa <strong>nie zbiera i nie przetwarza danych osobowych u\u017cytkownik\u00f3w<\/strong>.<br>Na stronie nie znajduj\u0105 si\u0119 formularze kontaktowe, systemy rejestracji ani newslettery.<\/li>\n\n\n\n<li><strong>Linki i przekierowania do innych stron<\/strong><br>Strona mo\u017ce zawiera\u0107 linki lub przekierowania do zewn\u0119trznych serwis\u00f3w internetowych.<br>Administrator nie ponosi odpowiedzialno\u015bci za zasady ochrony prywatno\u015bci obowi\u0105zuj\u0105ce na tych stronach. Po przej\u015bciu na zewn\u0119trzn\u0105 stron\u0119 u\u017cytkownik powinien zapozna\u0107 si\u0119 z jej polityk\u0105 prywatno\u015bci.<\/li>\n\n\n\n<li><strong>Numery telefon\u00f3w i dane kontaktowe serwisant\u00f3w<\/strong><br>Na stronie mog\u0105 by\u0107 publikowane <strong>og\u00f3lnodost\u0119pne numery telefon\u00f3w oraz dane kontaktowe firm lub serwisant\u00f3w<\/strong>, pochodz\u0105ce z publicznych \u017ar\u00f3de\u0142.<br>Dane te s\u0105 prezentowane wy\u0142\u0105cznie w celach informacyjnych.<\/li>\n\n\n\n<li><strong>Pliki cookies<\/strong><br>Strona <strong>nie wykorzystuje plik\u00f3w cookies<\/strong> w celach analitycznych, marketingowych ani reklamowych.<\/li>\n\n\n\n<li><strong>Prawa u\u017cytkownika<\/strong><br>Poniewa\u017c strona nie przetwarza danych osobowych, u\u017cytkownik nie jest zobowi\u0105zany do podawania jakichkolwiek danych w celu korzystania z jej zawarto\u015bci.<\/li>\n\n\n\n<li><strong>Zmiany w polityce prywatno\u015bci<\/strong><br>Administrator zastrzega sobie prawo do wprowadzenia zmian w niniejszej Polityce Prywatno\u015bci w przypadku zmiany funkcjonalno\u015bci strony lub obowi\u0105zuj\u0105cych przepis\u00f3w prawa.<\/li>\n<\/ol>\n\n\n\n<p>Data ostatniej aktualizacji: <strong>11.01.2026<\/strong><\/p>\n","protected":false},"excerpt":{"rendered":"<p>Data ostatniej aktualizacji: 11.01.2026<\/p>\n","protected":false},"author":1,"featured_media":0,"parent":0,"menu_order":2,"comment_status":"closed","ping_status":"closed","template":"","meta":{"footnotes":""},"class_list":["post-55","page","type-page","status-publish","hentry"],"yoast_head":"<!-- This site is optimized with the Yoast SEO plugin v26.6 - https:\/\/yoast.com\/wordpress\/plugins\/seo\/ -->\n<title>Polityka prywatno\u015bci -<\/title>\n<meta name=\"robots\" content=\"index, follow, max-snippet:-1, max-image-preview:large, max-video-preview:-1\" \/>\n<link rel=\"canonical\" href=\"https:\/\/olchowa2026.pl\/?page_id=55\" \/>\n<meta property=\"og:locale\" content=\"en_US\" \/>\n<meta property=\"og:type\" content=\"article\" \/>\n<meta property=\"og:title\" content=\"Polityka prywatno\u015bci -\" \/>\n<meta property=\"og:description\" content=\"Data ostatniej aktualizacji: 11.01.2026\" \/>\n<meta property=\"og:url\" content=\"https:\/\/olchowa2026.pl\/?page_id=55\" \/>\n<meta property=\"article:modified_time\" content=\"2026-01-11T13:36:29+00:00\" \/>\n<meta property=\"og:image\" content=\"http:\/\/olchowa2026.pl\/wp-content\/uploads\/2026\/01\/MAIL.jpg\" \/>\n<meta name=\"twitter:card\" content=\"summary_large_image\" \/>\n<meta name=\"twitter:label1\" content=\"Est. reading time\" \/>\n\t<meta name=\"twitter:data1\" content=\"1 minute\" \/>\n<script type=\"application\/ld+json\" class=\"yoast-schema-graph\">{\"@context\":\"https:\/\/schema.org\",\"@graph\":[{\"@type\":\"WebPage\",\"@id\":\"https:\/\/olchowa2026.pl\/?page_id=55\",\"url\":\"https:\/\/olchowa2026.pl\/?page_id=55\",\"name\":\"Polityka prywatno\u015bci -\",\"isPartOf\":{\"@id\":\"https:\/\/olchowa2026.pl\/#website\"},\"primaryImageOfPage\":{\"@id\":\"https:\/\/olchowa2026.pl\/?page_id=55#primaryimage\"},\"image\":{\"@id\":\"https:\/\/olchowa2026.pl\/?page_id=55#primaryimage\"},\"thumbnailUrl\":\"http:\/\/olchowa2026.pl\/wp-content\/uploads\/2026\/01\/MAIL.jpg\",\"datePublished\":\"2026-01-11T13:35:43+00:00\",\"dateModified\":\"2026-01-11T13:36:29+00:00\",\"breadcrumb\":{\"@id\":\"https:\/\/olchowa2026.pl\/?page_id=55#breadcrumb\"},\"inLanguage\":\"en-US\",\"potentialAction\":[{\"@type\":\"ReadAction\",\"target\":[\"https:\/\/olchowa2026.pl\/?page_id=55\"]}]},{\"@type\":\"ImageObject\",\"inLanguage\":\"en-US\",\"@id\":\"https:\/\/olchowa2026.pl\/?page_id=55#primaryimage\",\"url\":\"https:\/\/olchowa2026.pl\/wp-content\/uploads\/2026\/01\/MAIL.jpg\",\"contentUrl\":\"https:\/\/olchowa2026.pl\/wp-content\/uploads\/2026\/01\/MAIL.jpg\",\"width\":218,\"height\":24},{\"@type\":\"BreadcrumbList\",\"@id\":\"https:\/\/olchowa2026.pl\/?page_id=55#breadcrumb\",\"itemListElement\":[{\"@type\":\"ListItem\",\"position\":1,\"name\":\"Home\",\"item\":\"https:\/\/olchowa2026.pl\/\"},{\"@type\":\"ListItem\",\"position\":2,\"name\":\"Polityka prywatno\u015bci\"}]},{\"@type\":\"WebSite\",\"@id\":\"https:\/\/olchowa2026.pl\/#website\",\"url\":\"https:\/\/olchowa2026.pl\/\",\"name\":\"\",\"description\":\"Strona dla mieszka\u0144c\u00f3w ul. Olchowej w Le\u017anie www.Olchowa2026.pl   \",\"potentialAction\":[{\"@type\":\"SearchAction\",\"target\":{\"@type\":\"EntryPoint\",\"urlTemplate\":\"https:\/\/olchowa2026.pl\/?s={search_term_string}\"},\"query-input\":{\"@type\":\"PropertyValueSpecification\",\"valueRequired\":true,\"valueName\":\"search_term_string\"}}],\"inLanguage\":\"en-US\"}]}<\/script>\n<!-- \/ Yoast SEO plugin. -->","yoast_head_json":{"title":"Polityka prywatno\u015bci -","robots":{"index":"index","follow":"follow","max-snippet":"max-snippet:-1","max-image-preview":"max-image-preview:large","max-video-preview":"max-video-preview:-1"},"canonical":"https:\/\/olchowa2026.pl\/?page_id=55","og_locale":"en_US","og_type":"article","og_title":"Polityka prywatno\u015bci -","og_description":"Data ostatniej aktualizacji: 11.01.2026","og_url":"https:\/\/olchowa2026.pl\/?page_id=55","article_modified_time":"2026-01-11T13:36:29+00:00","og_image":[{"url":"http:\/\/olchowa2026.pl\/wp-content\/uploads\/2026\/01\/MAIL.jpg","type":"","width":"","height":""}],"twitter_card":"summary_large_image","twitter_misc":{"Est. reading time":"1 minute"},"schema":{"@context":"https:\/\/schema.org","@graph":[{"@type":"WebPage","@id":"https:\/\/olchowa2026.pl\/?page_id=55","url":"https:\/\/olchowa2026.pl\/?page_id=55","name":"Polityka prywatno\u015bci -","isPartOf":{"@id":"https:\/\/olchowa2026.pl\/#website"},"primaryImageOfPage":{"@id":"https:\/\/olchowa2026.pl\/?page_id=55#primaryimage"},"image":{"@id":"https:\/\/olchowa2026.pl\/?page_id=55#primaryimage"},"thumbnailUrl":"http:\/\/olchowa2026.pl\/wp-content\/uploads\/2026\/01\/MAIL.jpg","datePublished":"2026-01-11T13:35:43+00:00","dateModified":"2026-01-11T13:36:29+00:00","breadcrumb":{"@id":"https:\/\/olchowa2026.pl\/?page_id=55#breadcrumb"},"inLanguage":"en-US","potentialAction":[{"@type":"ReadAction","target":["https:\/\/olchowa2026.pl\/?page_id=55"]}]},{"@type":"ImageObject","inLanguage":"en-US","@id":"https:\/\/olchowa2026.pl\/?page_id=55#primaryimage","url":"https:\/\/olchowa2026.pl\/wp-content\/uploads\/2026\/01\/MAIL.jpg","contentUrl":"https:\/\/olchowa2026.pl\/wp-content\/uploads\/2026\/01\/MAIL.jpg","width":218,"height":24},{"@type":"BreadcrumbList","@id":"https:\/\/olchowa2026.pl\/?page_id=55#breadcrumb","itemListElement":[{"@type":"ListItem","position":1,"name":"Home","item":"https:\/\/olchowa2026.pl\/"},{"@type":"ListItem","position":2,"name":"Polityka prywatno\u015bci"}]},{"@type":"WebSite","@id":"https:\/\/olchowa2026.pl\/#website","url":"https:\/\/olchowa2026.pl\/","name":"","description":"Strona dla mieszka\u0144c\u00f3w ul. Olchowej w Le\u017anie www.Olchowa2026.pl   ","potentialAction":[{"@type":"SearchAction","target":{"@type":"EntryPoint","urlTemplate":"https:\/\/olchowa2026.pl\/?s={search_term_string}"},"query-input":{"@type":"PropertyValueSpecification","valueRequired":true,"valueName":"search_term_string"}}],"inLanguage":"en-US"}]}},"_links":{"self":[{"href":"https:\/\/olchowa2026.pl\/index.php?rest_route=\/wp\/v2\/pages\/55","targetHints":{"allow":["GET"]}}],"collection":[{"href":"https:\/\/olchowa2026.pl\/index.php?rest_route=\/wp\/v2\/pages"}],"about":[{"href":"https:\/\/olchowa2026.pl\/index.php?rest_route=\/wp\/v2\/types\/page"}],"author":[{"embeddable":true,"href":"https:\/\/olchowa2026.pl\/index.php?rest_route=\/wp\/v2\/users\/1"}],"replies":[{"embeddable":true,"href":"https:\/\/olchowa2026.pl\/index.php?rest_route=%2Fwp%2Fv2%2Fcomments&post=55"}],"version-history":[{"count":1,"href":"https:\/\/olchowa2026.pl\/index.php?rest_route=\/wp\/v2\/pages\/55\/revisions"}],"predecessor-version":[{"id":58,"href":"https:\/\/olchowa2026.pl\/index.php?rest_route=\/wp\/v2\/pages\/55\/revisions\/58"}],"wp:attachment":[{"href":"https:\/\/olchowa2026.pl\/index.php?rest_route=%2Fwp%2Fv2%2Fmedia&parent=55"}],"curies":[{"name":"wp","href":"https:\/\/api.w.org\/{rel}","templated":true}]}}