{"id":97,"date":"2026-01-19T20:42:26","date_gmt":"2026-01-19T19:42:26","guid":{"rendered":"https:\/\/olchowa2026.pl\/?page_id=97"},"modified":"2026-01-19T20:42:27","modified_gmt":"2026-01-19T19:42:27","slug":"szczegoly-oferty-mbit","status":"publish","type":"page","link":"https:\/\/olchowa2026.pl\/?page_id=97","title":{"rendered":"Szczeg\u00f3\u0142y oferty Mbit"},"content":{"rendered":"\n<figure class=\"wp-block-gallery has-nested-images columns-default is-cropped wp-block-gallery-1 is-layout-flex wp-block-gallery-is-layout-flex\">\n<figure class=\"wp-block-image size-large\"><img fetchpriority=\"high\" decoding=\"async\" width=\"599\" height=\"1024\" data-id=\"98\" src=\"https:\/\/olchowa2026.pl\/wp-content\/uploads\/2026\/01\/Mbit-1-599x1024.jpeg\" alt=\"\" class=\"wp-image-98\" srcset=\"https:\/\/olchowa2026.pl\/wp-content\/uploads\/2026\/01\/Mbit-1-599x1024.jpeg 599w, https:\/\/olchowa2026.pl\/wp-content\/uploads\/2026\/01\/Mbit-1-176x300.jpeg 176w, https:\/\/olchowa2026.pl\/wp-content\/uploads\/2026\/01\/Mbit-1-768x1313.jpeg 768w, https:\/\/olchowa2026.pl\/wp-content\/uploads\/2026\/01\/Mbit-1-899x1536.jpeg 899w, https:\/\/olchowa2026.pl\/wp-content\/uploads\/2026\/01\/Mbit-1.jpeg 936w\" sizes=\"(max-width: 599px) 100vw, 599px\" \/><\/figure>\n\n\n\n<figure class=\"wp-block-image size-large\"><img decoding=\"async\" width=\"593\" height=\"1024\" data-id=\"99\" src=\"https:\/\/olchowa2026.pl\/wp-content\/uploads\/2026\/01\/Mbit-2-593x1024.jpeg\" alt=\"\" class=\"wp-image-99\" srcset=\"https:\/\/olchowa2026.pl\/wp-content\/uploads\/2026\/01\/Mbit-2-593x1024.jpeg 593w, https:\/\/olchowa2026.pl\/wp-content\/uploads\/2026\/01\/Mbit-2-174x300.jpeg 174w, https:\/\/olchowa2026.pl\/wp-content\/uploads\/2026\/01\/Mbit-2-768x1327.jpeg 768w, https:\/\/olchowa2026.pl\/wp-content\/uploads\/2026\/01\/Mbit-2-889x1536.jpeg 889w, https:\/\/olchowa2026.pl\/wp-content\/uploads\/2026\/01\/Mbit-2.jpeg 926w\" sizes=\"(max-width: 593px) 100vw, 593px\" \/><\/figure>\n\n\n\n<figure class=\"wp-block-image size-large\"><img decoding=\"async\" width=\"586\" height=\"1024\" data-id=\"100\" src=\"https:\/\/olchowa2026.pl\/wp-content\/uploads\/2026\/01\/Mbit-3-586x1024.jpeg\" alt=\"\" class=\"wp-image-100\" srcset=\"https:\/\/olchowa2026.pl\/wp-content\/uploads\/2026\/01\/Mbit-3-586x1024.jpeg 586w, https:\/\/olchowa2026.pl\/wp-content\/uploads\/2026\/01\/Mbit-3-172x300.jpeg 172w, https:\/\/olchowa2026.pl\/wp-content\/uploads\/2026\/01\/Mbit-3-768x1341.jpeg 768w, https:\/\/olchowa2026.pl\/wp-content\/uploads\/2026\/01\/Mbit-3-879x1536.jpeg 879w, https:\/\/olchowa2026.pl\/wp-content\/uploads\/2026\/01\/Mbit-3.jpeg 916w\" sizes=\"(max-width: 586px) 100vw, 586px\" \/><\/figure>\n\n\n\n<figure class=\"wp-block-image size-large\"><img loading=\"lazy\" decoding=\"async\" width=\"590\" height=\"1024\" data-id=\"101\" src=\"https:\/\/olchowa2026.pl\/wp-content\/uploads\/2026\/01\/Mbit-4-590x1024.jpeg\" alt=\"\" class=\"wp-image-101\" srcset=\"https:\/\/olchowa2026.pl\/wp-content\/uploads\/2026\/01\/Mbit-4-590x1024.jpeg 590w, https:\/\/olchowa2026.pl\/wp-content\/uploads\/2026\/01\/Mbit-4-173x300.jpeg 173w, https:\/\/olchowa2026.pl\/wp-content\/uploads\/2026\/01\/Mbit-4-768x1333.jpeg 768w, https:\/\/olchowa2026.pl\/wp-content\/uploads\/2026\/01\/Mbit-4-885x1536.jpeg 885w, https:\/\/olchowa2026.pl\/wp-content\/uploads\/2026\/01\/Mbit-4.jpeg 922w\" sizes=\"(max-width: 590px) 100vw, 590px\" \/><\/figure>\n<\/figure>\n","protected":false},"excerpt":{"rendered":"","protected":false},"author":1,"featured_media":0,"parent":0,"menu_order":0,"comment_status":"closed","ping_status":"closed","template":"","meta":{"footnotes":""},"class_list":["post-97","page","type-page","status-publish","hentry"],"yoast_head":"<!-- This site is optimized with the Yoast SEO plugin v26.6 - https:\/\/yoast.com\/wordpress\/plugins\/seo\/ -->\n<title>Szczeg\u00f3\u0142y oferty Mbit -<\/title>\n<meta name=\"robots\" content=\"index, follow, max-snippet:-1, max-image-preview:large, max-video-preview:-1\" \/>\n<link rel=\"canonical\" href=\"https:\/\/olchowa2026.pl\/?page_id=97\" \/>\n<meta property=\"og:locale\" content=\"en_US\" \/>\n<meta property=\"og:type\" content=\"article\" \/>\n<meta property=\"og:title\" content=\"Szczeg\u00f3\u0142y oferty Mbit -\" \/>\n<meta property=\"og:url\" content=\"https:\/\/olchowa2026.pl\/?page_id=97\" \/>\n<meta property=\"article:modified_time\" content=\"2026-01-19T19:42:27+00:00\" \/>\n<meta property=\"og:image\" content=\"https:\/\/olchowa2026.pl\/wp-content\/uploads\/2026\/01\/Mbit-1-599x1024.jpeg\" \/>\n<meta name=\"twitter:card\" content=\"summary_large_image\" \/>\n<meta name=\"twitter:label1\" content=\"Est. reading time\" \/>\n\t<meta name=\"twitter:data1\" content=\"1 minute\" \/>\n<script type=\"application\/ld+json\" class=\"yoast-schema-graph\">{\"@context\":\"https:\/\/schema.org\",\"@graph\":[{\"@type\":\"WebPage\",\"@id\":\"https:\/\/olchowa2026.pl\/?page_id=97\",\"url\":\"https:\/\/olchowa2026.pl\/?page_id=97\",\"name\":\"Szczeg\u00f3\u0142y oferty Mbit -\",\"isPartOf\":{\"@id\":\"https:\/\/olchowa2026.pl\/#website\"},\"primaryImageOfPage\":{\"@id\":\"https:\/\/olchowa2026.pl\/?page_id=97#primaryimage\"},\"image\":{\"@id\":\"https:\/\/olchowa2026.pl\/?page_id=97#primaryimage\"},\"thumbnailUrl\":\"https:\/\/olchowa2026.pl\/wp-content\/uploads\/2026\/01\/Mbit-1-599x1024.jpeg\",\"datePublished\":\"2026-01-19T19:42:26+00:00\",\"dateModified\":\"2026-01-19T19:42:27+00:00\",\"breadcrumb\":{\"@id\":\"https:\/\/olchowa2026.pl\/?page_id=97#breadcrumb\"},\"inLanguage\":\"en-US\",\"potentialAction\":[{\"@type\":\"ReadAction\",\"target\":[\"https:\/\/olchowa2026.pl\/?page_id=97\"]}]},{\"@type\":\"ImageObject\",\"inLanguage\":\"en-US\",\"@id\":\"https:\/\/olchowa2026.pl\/?page_id=97#primaryimage\",\"url\":\"https:\/\/olchowa2026.pl\/wp-content\/uploads\/2026\/01\/Mbit-1.jpeg\",\"contentUrl\":\"https:\/\/olchowa2026.pl\/wp-content\/uploads\/2026\/01\/Mbit-1.jpeg\",\"width\":936,\"height\":1600},{\"@type\":\"BreadcrumbList\",\"@id\":\"https:\/\/olchowa2026.pl\/?page_id=97#breadcrumb\",\"itemListElement\":[{\"@type\":\"ListItem\",\"position\":1,\"name\":\"Home\",\"item\":\"https:\/\/olchowa2026.pl\/\"},{\"@type\":\"ListItem\",\"position\":2,\"name\":\"Szczeg\u00f3\u0142y oferty Mbit\"}]},{\"@type\":\"WebSite\",\"@id\":\"https:\/\/olchowa2026.pl\/#website\",\"url\":\"https:\/\/olchowa2026.pl\/\",\"name\":\"\",\"description\":\"Strona dla mieszka\u0144c\u00f3w ul. Olchowej w Le\u017anie www.Olchowa2026.pl   \",\"potentialAction\":[{\"@type\":\"SearchAction\",\"target\":{\"@type\":\"EntryPoint\",\"urlTemplate\":\"https:\/\/olchowa2026.pl\/?s={search_term_string}\"},\"query-input\":{\"@type\":\"PropertyValueSpecification\",\"valueRequired\":true,\"valueName\":\"search_term_string\"}}],\"inLanguage\":\"en-US\"}]}<\/script>\n<!-- \/ Yoast SEO plugin. -->","yoast_head_json":{"title":"Szczeg\u00f3\u0142y oferty Mbit -","robots":{"index":"index","follow":"follow","max-snippet":"max-snippet:-1","max-image-preview":"max-image-preview:large","max-video-preview":"max-video-preview:-1"},"canonical":"https:\/\/olchowa2026.pl\/?page_id=97","og_locale":"en_US","og_type":"article","og_title":"Szczeg\u00f3\u0142y oferty Mbit -","og_url":"https:\/\/olchowa2026.pl\/?page_id=97","article_modified_time":"2026-01-19T19:42:27+00:00","og_image":[{"url":"https:\/\/olchowa2026.pl\/wp-content\/uploads\/2026\/01\/Mbit-1-599x1024.jpeg","type":"","width":"","height":""}],"twitter_card":"summary_large_image","twitter_misc":{"Est. reading time":"1 minute"},"schema":{"@context":"https:\/\/schema.org","@graph":[{"@type":"WebPage","@id":"https:\/\/olchowa2026.pl\/?page_id=97","url":"https:\/\/olchowa2026.pl\/?page_id=97","name":"Szczeg\u00f3\u0142y oferty Mbit -","isPartOf":{"@id":"https:\/\/olchowa2026.pl\/#website"},"primaryImageOfPage":{"@id":"https:\/\/olchowa2026.pl\/?page_id=97#primaryimage"},"image":{"@id":"https:\/\/olchowa2026.pl\/?page_id=97#primaryimage"},"thumbnailUrl":"https:\/\/olchowa2026.pl\/wp-content\/uploads\/2026\/01\/Mbit-1-599x1024.jpeg","datePublished":"2026-01-19T19:42:26+00:00","dateModified":"2026-01-19T19:42:27+00:00","breadcrumb":{"@id":"https:\/\/olchowa2026.pl\/?page_id=97#breadcrumb"},"inLanguage":"en-US","potentialAction":[{"@type":"ReadAction","target":["https:\/\/olchowa2026.pl\/?page_id=97"]}]},{"@type":"ImageObject","inLanguage":"en-US","@id":"https:\/\/olchowa2026.pl\/?page_id=97#primaryimage","url":"https:\/\/olchowa2026.pl\/wp-content\/uploads\/2026\/01\/Mbit-1.jpeg","contentUrl":"https:\/\/olchowa2026.pl\/wp-content\/uploads\/2026\/01\/Mbit-1.jpeg","width":936,"height":1600},{"@type":"BreadcrumbList","@id":"https:\/\/olchowa2026.pl\/?page_id=97#breadcrumb","itemListElement":[{"@type":"ListItem","position":1,"name":"Home","item":"https:\/\/olchowa2026.pl\/"},{"@type":"ListItem","position":2,"name":"Szczeg\u00f3\u0142y oferty Mbit"}]},{"@type":"WebSite","@id":"https:\/\/olchowa2026.pl\/#website","url":"https:\/\/olchowa2026.pl\/","name":"","description":"Strona dla mieszka\u0144c\u00f3w ul. Olchowej w Le\u017anie www.Olchowa2026.pl   ","potentialAction":[{"@type":"SearchAction","target":{"@type":"EntryPoint","urlTemplate":"https:\/\/olchowa2026.pl\/?s={search_term_string}"},"query-input":{"@type":"PropertyValueSpecification","valueRequired":true,"valueName":"search_term_string"}}],"inLanguage":"en-US"}]}},"_links":{"self":[{"href":"https:\/\/olchowa2026.pl\/index.php?rest_route=\/wp\/v2\/pages\/97","targetHints":{"allow":["GET"]}}],"collection":[{"href":"https:\/\/olchowa2026.pl\/index.php?rest_route=\/wp\/v2\/pages"}],"about":[{"href":"https:\/\/olchowa2026.pl\/index.php?rest_route=\/wp\/v2\/types\/page"}],"author":[{"embeddable":true,"href":"https:\/\/olchowa2026.pl\/index.php?rest_route=\/wp\/v2\/users\/1"}],"replies":[{"embeddable":true,"href":"https:\/\/olchowa2026.pl\/index.php?rest_route=%2Fwp%2Fv2%2Fcomments&post=97"}],"version-history":[{"count":1,"href":"https:\/\/olchowa2026.pl\/index.php?rest_route=\/wp\/v2\/pages\/97\/revisions"}],"predecessor-version":[{"id":102,"href":"https:\/\/olchowa2026.pl\/index.php?rest_route=\/wp\/v2\/pages\/97\/revisions\/102"}],"wp:attachment":[{"href":"https:\/\/olchowa2026.pl\/index.php?rest_route=%2Fwp%2Fv2%2Fmedia&parent=97"}],"curies":[{"name":"wp","href":"https:\/\/api.w.org\/{rel}","templated":true}]}}